{"id":222,"date":"2022-09-16T09:14:48","date_gmt":"2022-09-16T09:14:48","guid":{"rendered":"https:\/\/computerskills.ir\/uber-uns\/"},"modified":"2024-05-15T09:01:54","modified_gmt":"2024-05-15T09:01:54","slug":"uber-uns","status":"publish","type":"page","link":"http:\/\/masterconfectionery.com\/de\/uber-uns\/","title":{"rendered":"\u00dcber uns"},"content":{"rendered":"<div class=\"row\"  id=\"row-973560\">\n\n\t<div id=\"col-586008376\" class=\"col small-12 large-12\"  >\n\t\t\t\t<div class=\"col-inner\"  >\n\t\t\t\n\t\t\t\n\t<div class=\"img has-hover x md-x lg-x y md-y lg-y\" id=\"image_820201810\">\n\t\t\t\t\t\t\t\t<div class=\"img-inner dark\" >\n\t\t\t\t\t\t\t\t\t\n\t\t\t\t\t<\/div>\n\t\t\t\t\t\t\t\t\n<style>\n#image_820201810 {\n  width: 100%;\n}\n<\/style>\n\t<\/div>\n\t\n\t\t<\/div>\n\t\t\t\t\t<\/div>\n\n\t\n<\/div>\n<div class=\"row\"  id=\"row-1616811190\">\n\n\t<div id=\"col-971011240\" class=\"col small-12 large-12\"  >\n\t\t\t\t<div class=\"col-inner\"  >\n\t\t\t\n\t\t\t\n<p><span style=\"color: #000000;\">\u00dcber uns<\/span><\/p>\n<p><span style=\"color: #000000;\">Die Firma Master Confectionery GmbH ist im Bereich der Lebensmittelproduktion, insbesondere S\u00fc\u00dfwaren t\u00e4tig.\u00a0<\/span><\/p>\n\t\t<\/div>\n\t\t\t\t\t<\/div>\n\n\t\n<\/div>\n","protected":false},"excerpt":{"rendered":"","protected":false},"author":2,"featured_media":0,"parent":0,"menu_order":0,"comment_status":"closed","ping_status":"closed","template":"","meta":[],"yoast_head":"<!-- This site is optimized with the Yoast SEO plugin v20.6 - https:\/\/yoast.com\/wordpress\/plugins\/seo\/ -->\n<title>\u00dcber uns - master confectionery<\/title>\n<meta name=\"robots\" content=\"index, follow, max-snippet:-1, max-image-preview:large, max-video-preview:-1\" \/>\n<link rel=\"canonical\" href=\"http:\/\/masterconfectionery.com\/de\/uber-uns\/\" \/>\n<meta property=\"og:locale\" content=\"de_DE\" \/>\n<meta property=\"og:type\" content=\"article\" \/>\n<meta property=\"og:title\" content=\"\u00dcber uns - master confectionery\" \/>\n<meta property=\"og:url\" content=\"http:\/\/masterconfectionery.com\/de\/uber-uns\/\" \/>\n<meta property=\"og:site_name\" content=\"master confectionery\" \/>\n<meta property=\"article:modified_time\" content=\"2024-05-15T09:01:54+00:00\" \/>\n<meta name=\"twitter:card\" content=\"summary_large_image\" \/>\n<script type=\"application\/ld+json\" class=\"yoast-schema-graph\">{\"@context\":\"https:\/\/schema.org\",\"@graph\":[{\"@type\":\"WebPage\",\"@id\":\"http:\/\/masterconfectionery.com\/de\/uber-uns\/\",\"url\":\"http:\/\/masterconfectionery.com\/de\/uber-uns\/\",\"name\":\"\u00dcber uns - master confectionery\",\"isPartOf\":{\"@id\":\"http:\/\/masterconfectionery.com\/#website\"},\"datePublished\":\"2022-09-16T09:14:48+00:00\",\"dateModified\":\"2024-05-15T09:01:54+00:00\",\"breadcrumb\":{\"@id\":\"http:\/\/masterconfectionery.com\/de\/uber-uns\/#breadcrumb\"},\"inLanguage\":\"de-DE\",\"potentialAction\":[{\"@type\":\"ReadAction\",\"target\":[\"http:\/\/masterconfectionery.com\/de\/uber-uns\/\"]}]},{\"@type\":\"BreadcrumbList\",\"@id\":\"http:\/\/masterconfectionery.com\/de\/uber-uns\/#breadcrumb\",\"itemListElement\":[{\"@type\":\"ListItem\",\"position\":1,\"name\":\"Home\",\"item\":\"http:\/\/masterconfectionery.com\/de\/\"},{\"@type\":\"ListItem\",\"position\":2,\"name\":\"\u00dcber uns\"}]},{\"@type\":\"WebSite\",\"@id\":\"http:\/\/masterconfectionery.com\/#website\",\"url\":\"http:\/\/masterconfectionery.com\/\",\"name\":\"master confectionery\",\"description\":\"\",\"potentialAction\":[{\"@type\":\"SearchAction\",\"target\":{\"@type\":\"EntryPoint\",\"urlTemplate\":\"http:\/\/masterconfectionery.com\/?s={search_term_string}\"},\"query-input\":\"required name=search_term_string\"}],\"inLanguage\":\"de-DE\"}]}<\/script>\n<!-- \/ Yoast SEO plugin. -->","yoast_head_json":{"title":"\u00dcber uns - master confectionery","robots":{"index":"index","follow":"follow","max-snippet":"max-snippet:-1","max-image-preview":"max-image-preview:large","max-video-preview":"max-video-preview:-1"},"canonical":"http:\/\/masterconfectionery.com\/de\/uber-uns\/","og_locale":"de_DE","og_type":"article","og_title":"\u00dcber uns - master confectionery","og_url":"http:\/\/masterconfectionery.com\/de\/uber-uns\/","og_site_name":"master confectionery","article_modified_time":"2024-05-15T09:01:54+00:00","twitter_card":"summary_large_image","schema":{"@context":"https:\/\/schema.org","@graph":[{"@type":"WebPage","@id":"http:\/\/masterconfectionery.com\/de\/uber-uns\/","url":"http:\/\/masterconfectionery.com\/de\/uber-uns\/","name":"\u00dcber uns - master confectionery","isPartOf":{"@id":"http:\/\/masterconfectionery.com\/#website"},"datePublished":"2022-09-16T09:14:48+00:00","dateModified":"2024-05-15T09:01:54+00:00","breadcrumb":{"@id":"http:\/\/masterconfectionery.com\/de\/uber-uns\/#breadcrumb"},"inLanguage":"de-DE","potentialAction":[{"@type":"ReadAction","target":["http:\/\/masterconfectionery.com\/de\/uber-uns\/"]}]},{"@type":"BreadcrumbList","@id":"http:\/\/masterconfectionery.com\/de\/uber-uns\/#breadcrumb","itemListElement":[{"@type":"ListItem","position":1,"name":"Home","item":"http:\/\/masterconfectionery.com\/de\/"},{"@type":"ListItem","position":2,"name":"\u00dcber uns"}]},{"@type":"WebSite","@id":"http:\/\/masterconfectionery.com\/#website","url":"http:\/\/masterconfectionery.com\/","name":"master confectionery","description":"","potentialAction":[{"@type":"SearchAction","target":{"@type":"EntryPoint","urlTemplate":"http:\/\/masterconfectionery.com\/?s={search_term_string}"},"query-input":"required name=search_term_string"}],"inLanguage":"de-DE"}]}},"_links":{"self":[{"href":"http:\/\/masterconfectionery.com\/de\/wp-json\/wp\/v2\/pages\/222"}],"collection":[{"href":"http:\/\/masterconfectionery.com\/de\/wp-json\/wp\/v2\/pages"}],"about":[{"href":"http:\/\/masterconfectionery.com\/de\/wp-json\/wp\/v2\/types\/page"}],"author":[{"embeddable":true,"href":"http:\/\/masterconfectionery.com\/de\/wp-json\/wp\/v2\/users\/2"}],"replies":[{"embeddable":true,"href":"http:\/\/masterconfectionery.com\/de\/wp-json\/wp\/v2\/comments?post=222"}],"version-history":[{"count":1,"href":"http:\/\/masterconfectionery.com\/de\/wp-json\/wp\/v2\/pages\/222\/revisions"}],"predecessor-version":[{"id":401,"href":"http:\/\/masterconfectionery.com\/de\/wp-json\/wp\/v2\/pages\/222\/revisions\/401"}],"wp:attachment":[{"href":"http:\/\/masterconfectionery.com\/de\/wp-json\/wp\/v2\/media?parent=222"}],"curies":[{"name":"wp","href":"https:\/\/api.w.org\/{rel}","templated":true}]}}