{"id":223,"date":"2022-09-16T09:15:40","date_gmt":"2022-09-16T09:15:40","guid":{"rendered":"https:\/\/computerskills.ir\/kontaktiere-uns\/"},"modified":"2024-05-15T08:48:54","modified_gmt":"2024-05-15T08:48:54","slug":"kontaktiere-uns","status":"publish","type":"page","link":"http:\/\/masterconfectionery.com\/de\/kontaktiere-uns\/","title":{"rendered":"Kontaktiere uns\/Impressum"},"content":{"rendered":"<div class=\"row\"  id=\"row-1491426024\">\n\n\t<div id=\"col-1888025517\" class=\"col medium-6 small-12 large-6\"  >\n\t\t\t\t<div class=\"col-inner\"  >\n\t\t\t\n\t\t\t\n\t<div id=\"text-2889582368\" class=\"text\">\n\t\t\n<p style=\"text-align: left;\">B\u00fcro D\u00fcsseldorf:<br \/>Steinstr. 2<br \/>40212 D\u00fcsseldorf \u2013 Germany<br \/>Tel.: 0049 (0)211 868 152 \u2013 0<br \/>Fax: 0049 (0)211 868 152 \u2013 29<br \/>E-Mail: info@masterconfectionery.com<\/p>\n<p style=\"text-align: left;\">Sitz der Gesellschaft: D\u00fcsseldorf<br \/>Eintragung im Handelsregister: Amtsgericht D\u00fcsseldorf<br \/>Eintragungsnummer: HRB 73920<br \/>Umsatzsteuer-Identifikationsnummer gem\u00e4\u00df \u00a727 a Umsatzsteuergesetz: DEXXXXXXX \u00a0 \u00a0 \u00a0 \u00a0 \u00a0 \u00a0 \u00a0 \u00a0 \u00a0 \u00a0 \u00a0 \u00a0                                 Vertreten durch den Gesch\u00e4ftsf\u00fchrer<\/p>\n<p><b>HAFTUNGSAUSSCHLUSS<\/b><\/p>\n<p>Master Confectionery GmbH \u00fcbernimmt keine Gew\u00e4hr daf\u00fcr, dass die auf dieser Website bereitgestellten Informationen vollst\u00e4ndig, richtig und in jedem Fall aktuell sind. Master Confectionery GmbH beh\u00e4lt sich das Recht vor, ohne vorherige Ank\u00fcndigung \u00c4nderungen oder Erg\u00e4nzungen an den bereitgestellten Informationen vorzunehmen.<\/p>\n<p><b>HAFTUNG F\u00dcR LINKS<\/b><\/p>\n<p>Unser Angebot enth\u00e4lt Links zu externen Webseiten Dritter, auf deren Inhalte wir keinen Einfluss haben. Deshalb k\u00f6nnen wir f\u00fcr diese fremden Inhalte auch keine Gew\u00e4hr \u00fcbernehmen. F\u00fcr die Inhalte der verlinkten Seiten ist stets der jeweilige Anbieter oder Betreiber der Seiten verantwortlich. Die verlinkten Seiten wurden zum Zeitpunkt der Verlinkung auf m\u00f6gliche Rechtsverst\u00f6\u00dfe \u00fcberpr\u00fcft. Rechtswidrige Inhalte waren zum Zeitpunkt der Verlinkung nicht erkennbar. Eine permanente inhaltliche Kontrolle der verlinkten Seiten ist jedoch ohne konkrete Anhaltspunkte einer Rechtsverletzung nicht zumutbar. Bei Bekanntwerden von Rechtsverletzungen werden wir derartige Links umgehend entfernen.<\/p>\n<p><b>URHEBERRECHTSHINWEISE<\/b><\/p>\n<p>Alle auf dieser Website ver\u00f6ffentlichten Beitr\u00e4ge und Abbildungen sind, soweit nicht anders vermerkt, urheberrechtlich gesch\u00fctzt. Jede vom Urheberrechtsgesetz nicht zugelassene Verwertung bedarf vorheriger schriftlicher Zustimmung des Anbieters. Dies gilt insbesondere f\u00fcr Vervielf\u00e4ltigung, Bearbeitung, \u00dcbersetzung, Einspeicherung, Verarbeitung bzw. Wiedergabe von Inhalten in Datenbanken oder anderen elektronischen Medien und Systemen. Fotokopien und Downloads von Webseiten d\u00fcrfen nur f\u00fcr die \u00d6ffentlichkeitsarbeit und Public Relations genutzt werden.<\/p>\n<p>\u00a0<\/p>\n\t\t\n<style>\n#text-2889582368 {\n  font-size: 0.75rem;\n  text-align: left;\n}\n<\/style>\n\t<\/div>\n\t\n\t\t<\/div>\n\t\t\t\t\t<\/div>\n\n\t\n\n\t<div id=\"col-488799339\" class=\"col medium-6 small-12 large-6\"  >\n\t\t\t\t<div class=\"col-inner\"  >\n\t\t\t\n\t\t\t\n\n<div class=\"wpcf7 no-js\" id=\"wpcf7-f28-o1\" lang=\"en-US\" dir=\"ltr\">\n<div class=\"screen-reader-response\"><p role=\"status\" aria-live=\"polite\" aria-atomic=\"true\"><\/p> <ul><\/ul><\/div>\n<form action=\"\/de\/wp-json\/wp\/v2\/pages\/223#wpcf7-f28-o1\" method=\"post\" class=\"wpcf7-form init\" aria-label=\"Contact form\" novalidate=\"novalidate\" data-status=\"init\">\n<div style=\"display: none;\">\n<input type=\"hidden\" name=\"_wpcf7\" value=\"28\" \/>\n<input type=\"hidden\" name=\"_wpcf7_version\" value=\"5.7.7\" \/>\n<input type=\"hidden\" name=\"_wpcf7_locale\" value=\"en_US\" \/>\n<input type=\"hidden\" name=\"_wpcf7_unit_tag\" value=\"wpcf7-f28-o1\" \/>\n<input type=\"hidden\" name=\"_wpcf7_container_post\" value=\"0\" \/>\n<input type=\"hidden\" name=\"_wpcf7_posted_data_hash\" value=\"\" \/>\n<\/div>\n<p><label> Your name<br \/>\n<span class=\"wpcf7-form-control-wrap\" data-name=\"your-name\"><input size=\"40\" class=\"wpcf7-form-control wpcf7-text wpcf7-validates-as-required\" aria-required=\"true\" aria-invalid=\"false\" value=\"\" type=\"text\" name=\"your-name\" \/><\/span> <\/label><br \/>\n<label> Your email<br \/>\n<span class=\"wpcf7-form-control-wrap\" data-name=\"your-email\"><input size=\"40\" class=\"wpcf7-form-control wpcf7-text wpcf7-email wpcf7-validates-as-required wpcf7-validates-as-email\" aria-required=\"true\" aria-invalid=\"false\" value=\"\" type=\"email\" name=\"your-email\" \/><\/span> <\/label><br \/>\n<label> Subject<br \/>\n<span class=\"wpcf7-form-control-wrap\" data-name=\"your-subject\"><input size=\"40\" class=\"wpcf7-form-control wpcf7-text wpcf7-validates-as-required\" aria-required=\"true\" aria-invalid=\"false\" value=\"\" type=\"text\" name=\"your-subject\" \/><\/span> <\/label><br \/>\n<label> Your message (optional)<br \/>\n<span class=\"wpcf7-form-control-wrap\" data-name=\"your-message\"><textarea cols=\"40\" rows=\"10\" class=\"wpcf7-form-control wpcf7-textarea\" aria-invalid=\"false\" name=\"your-message\"><\/textarea><\/span> <\/label><br \/>\n<input class=\"wpcf7-form-control has-spinner wpcf7-submit\" type=\"submit\" value=\"Submit\" \/>\n<\/p><div class=\"wpcf7-response-output\" aria-hidden=\"true\"><\/div>\n<\/form>\n<\/div>\n\n\t\t<\/div>\n\t\t\t\t\t<\/div>\n\n\t\n<\/div>\n<div class=\"row\"  id=\"row-2132088771\">\n\n\t<div id=\"col-1434636966\" class=\"col small-12 large-12\"  >\n\t\t\t\t<div class=\"col-inner\"  >\n\t\t\t\n\t\t\t\n<p><iframe src=\"https:\/\/www.google.com\/maps\/embed?pb=!1m18!1m12!1m3!1d2661.916423130313!2d11.578358115550644!3d48.15041647922447!2m3!1f0!2f0!3f0!3m2!1i1024!2i768!4f13.1!3m3!1m2!1s0x479e729397ad5701%3A0xba12f0c33bd5bf34!2sLudwig%20Maximilian%20University%20of%20Munich!5e0!3m2!1sen!2s!4v1655012321227!5m2!1sen!2s\" width=\"1200\" height=\"600\" style=\"border:0;\" allowfullscreen=\"\" loading=\"lazy\" referrerpolicy=\"no-referrer-when-downgrade\"><\/iframe><\/p>\n\t\t<\/div>\n\t\t\t\t\t<\/div>\n\n\t\n<\/div>\n","protected":false},"excerpt":{"rendered":"","protected":false},"author":2,"featured_media":0,"parent":0,"menu_order":0,"comment_status":"closed","ping_status":"closed","template":"","meta":[],"yoast_head":"<!-- This site is optimized with the Yoast SEO plugin v20.6 - https:\/\/yoast.com\/wordpress\/plugins\/seo\/ -->\n<title>Kontaktiere uns\/Impressum - master confectionery<\/title>\n<meta name=\"robots\" content=\"index, follow, max-snippet:-1, max-image-preview:large, max-video-preview:-1\" \/>\n<link rel=\"canonical\" href=\"http:\/\/masterconfectionery.com\/de\/kontaktiere-uns\/\" \/>\n<meta property=\"og:locale\" content=\"de_DE\" \/>\n<meta property=\"og:type\" content=\"article\" \/>\n<meta property=\"og:title\" content=\"Kontaktiere uns\/Impressum - master confectionery\" \/>\n<meta property=\"og:url\" content=\"http:\/\/masterconfectionery.com\/de\/kontaktiere-uns\/\" \/>\n<meta property=\"og:site_name\" content=\"master confectionery\" \/>\n<meta property=\"article:modified_time\" content=\"2024-05-15T08:48:54+00:00\" \/>\n<meta name=\"twitter:card\" content=\"summary_large_image\" \/>\n<meta name=\"twitter:label1\" content=\"Est. reading time\" \/>\n\t<meta name=\"twitter:data1\" content=\"2 Minuten\" \/>\n<script type=\"application\/ld+json\" class=\"yoast-schema-graph\">{\"@context\":\"https:\/\/schema.org\",\"@graph\":[{\"@type\":\"WebPage\",\"@id\":\"http:\/\/masterconfectionery.com\/de\/kontaktiere-uns\/\",\"url\":\"http:\/\/masterconfectionery.com\/de\/kontaktiere-uns\/\",\"name\":\"Kontaktiere uns\/Impressum - master confectionery\",\"isPartOf\":{\"@id\":\"http:\/\/masterconfectionery.com\/#website\"},\"datePublished\":\"2022-09-16T09:15:40+00:00\",\"dateModified\":\"2024-05-15T08:48:54+00:00\",\"breadcrumb\":{\"@id\":\"http:\/\/masterconfectionery.com\/de\/kontaktiere-uns\/#breadcrumb\"},\"inLanguage\":\"de-DE\",\"potentialAction\":[{\"@type\":\"ReadAction\",\"target\":[\"http:\/\/masterconfectionery.com\/de\/kontaktiere-uns\/\"]}]},{\"@type\":\"BreadcrumbList\",\"@id\":\"http:\/\/masterconfectionery.com\/de\/kontaktiere-uns\/#breadcrumb\",\"itemListElement\":[{\"@type\":\"ListItem\",\"position\":1,\"name\":\"Home\",\"item\":\"http:\/\/masterconfectionery.com\/de\/\"},{\"@type\":\"ListItem\",\"position\":2,\"name\":\"Kontaktiere uns\/Impressum\"}]},{\"@type\":\"WebSite\",\"@id\":\"http:\/\/masterconfectionery.com\/#website\",\"url\":\"http:\/\/masterconfectionery.com\/\",\"name\":\"master confectionery\",\"description\":\"\",\"potentialAction\":[{\"@type\":\"SearchAction\",\"target\":{\"@type\":\"EntryPoint\",\"urlTemplate\":\"http:\/\/masterconfectionery.com\/?s={search_term_string}\"},\"query-input\":\"required name=search_term_string\"}],\"inLanguage\":\"de-DE\"}]}<\/script>\n<!-- \/ Yoast SEO plugin. -->","yoast_head_json":{"title":"Kontaktiere uns\/Impressum - master confectionery","robots":{"index":"index","follow":"follow","max-snippet":"max-snippet:-1","max-image-preview":"max-image-preview:large","max-video-preview":"max-video-preview:-1"},"canonical":"http:\/\/masterconfectionery.com\/de\/kontaktiere-uns\/","og_locale":"de_DE","og_type":"article","og_title":"Kontaktiere uns\/Impressum - master confectionery","og_url":"http:\/\/masterconfectionery.com\/de\/kontaktiere-uns\/","og_site_name":"master confectionery","article_modified_time":"2024-05-15T08:48:54+00:00","twitter_card":"summary_large_image","twitter_misc":{"Est. reading time":"2 Minuten"},"schema":{"@context":"https:\/\/schema.org","@graph":[{"@type":"WebPage","@id":"http:\/\/masterconfectionery.com\/de\/kontaktiere-uns\/","url":"http:\/\/masterconfectionery.com\/de\/kontaktiere-uns\/","name":"Kontaktiere uns\/Impressum - master confectionery","isPartOf":{"@id":"http:\/\/masterconfectionery.com\/#website"},"datePublished":"2022-09-16T09:15:40+00:00","dateModified":"2024-05-15T08:48:54+00:00","breadcrumb":{"@id":"http:\/\/masterconfectionery.com\/de\/kontaktiere-uns\/#breadcrumb"},"inLanguage":"de-DE","potentialAction":[{"@type":"ReadAction","target":["http:\/\/masterconfectionery.com\/de\/kontaktiere-uns\/"]}]},{"@type":"BreadcrumbList","@id":"http:\/\/masterconfectionery.com\/de\/kontaktiere-uns\/#breadcrumb","itemListElement":[{"@type":"ListItem","position":1,"name":"Home","item":"http:\/\/masterconfectionery.com\/de\/"},{"@type":"ListItem","position":2,"name":"Kontaktiere uns\/Impressum"}]},{"@type":"WebSite","@id":"http:\/\/masterconfectionery.com\/#website","url":"http:\/\/masterconfectionery.com\/","name":"master confectionery","description":"","potentialAction":[{"@type":"SearchAction","target":{"@type":"EntryPoint","urlTemplate":"http:\/\/masterconfectionery.com\/?s={search_term_string}"},"query-input":"required name=search_term_string"}],"inLanguage":"de-DE"}]}},"_links":{"self":[{"href":"http:\/\/masterconfectionery.com\/de\/wp-json\/wp\/v2\/pages\/223"}],"collection":[{"href":"http:\/\/masterconfectionery.com\/de\/wp-json\/wp\/v2\/pages"}],"about":[{"href":"http:\/\/masterconfectionery.com\/de\/wp-json\/wp\/v2\/types\/page"}],"author":[{"embeddable":true,"href":"http:\/\/masterconfectionery.com\/de\/wp-json\/wp\/v2\/users\/2"}],"replies":[{"embeddable":true,"href":"http:\/\/masterconfectionery.com\/de\/wp-json\/wp\/v2\/comments?post=223"}],"version-history":[{"count":7,"href":"http:\/\/masterconfectionery.com\/de\/wp-json\/wp\/v2\/pages\/223\/revisions"}],"predecessor-version":[{"id":398,"href":"http:\/\/masterconfectionery.com\/de\/wp-json\/wp\/v2\/pages\/223\/revisions\/398"}],"wp:attachment":[{"href":"http:\/\/masterconfectionery.com\/de\/wp-json\/wp\/v2\/media?parent=223"}],"curies":[{"name":"wp","href":"https:\/\/api.w.org\/{rel}","templated":true}]}}